{"id":257,"date":"2023-08-20T12:20:24","date_gmt":"2023-08-20T12:20:24","guid":{"rendered":"http:\/\/salix.dfirma.pl\/?page_id=257"},"modified":"2023-10-31T17:15:36","modified_gmt":"2023-10-31T17:15:36","slug":"linia-technologiczna-montazu","status":"publish","type":"page","link":"http:\/\/salix.dfirma.pl\/de\/linia-technologiczna-montazu\/","title":{"rendered":"Montage"},"content":{"rendered":"\n<div class=\"wp-block-stackable-divider stk-block-divider stk-block stk-b7eec85 is-style-bar\" data-block-id=\"b7eec85\"><hr class=\"stk-block-divider__hr\"\/><\/div>\n\n\n\n<div class=\"wp-block-stackable-text stk-block-text stk-block stk-be2f74a\" data-block-id=\"be2f74a\"><p class=\"stk-block-text__text has-text-align-justify\">Wir produzieren die gro\u00dfen Elementen wie Kotfl\u00fcgeln oder Motorhauben, aber auch die Kleinteilen. Karosserieteilen und andere Pre\u00dfteilen aus verzinken Stahlblechen, Aluminium, Edelstahl, perforierten Blechen, Gittern usw. All das auf den Automotive aftermarket wie auch auf den classic cars Markt.<\/p><\/div>\n\n\n\n<div class=\"wp-block-stackable-text stk-block-text stk-block stk-8f7a406\" data-block-id=\"8f7a406\"><p class=\"stk-block-text__text\">Wir pressen und produzieren auch die Elementen f\u00fcr andere M\u00e4rkte, verarbeiten daf\u00fcr verschiedene Bleche und Materialien.<\/p><\/div>\n\n\n\n<div class=\"wp-block-stackable-divider stk-block-divider stk-block stk-92aeb3c is-style-bar\" data-block-id=\"92aeb3c\"><hr class=\"stk-block-divider__hr\"\/><\/div>\n\n\n<div style=\"; ; ; ; --blend-mode:multiply; --text-blend-mode:normal; \">\n<figure class=\"wp-block-gallery alignwide has-nested-images columns-default is-cropped wp-block-gallery-1 is-layout-flex wp-block-gallery-is-layout-flex\">\n<figure class=\"wp-block-image size-large\"><img loading=\"lazy\" decoding=\"async\" width=\"768\" height=\"1024\" data-id=\"658\" src=\"http:\/\/salix.dfirma.pl\/wp-content\/uploads\/sites\/3\/2023\/09\/zgrzewarka1-768x1024.jpg\" alt=\"\" class=\"wp-image-658\" srcset=\"http:\/\/salix.dfirma.pl\/de\/wp-content\/uploads\/sites\/3\/2023\/09\/zgrzewarka1-768x1024.jpg 768w, http:\/\/salix.dfirma.pl\/de\/wp-content\/uploads\/sites\/3\/2023\/09\/zgrzewarka1-225x300.jpg 225w, http:\/\/salix.dfirma.pl\/de\/wp-content\/uploads\/sites\/3\/2023\/09\/zgrzewarka1-1152x1536.jpg 1152w, http:\/\/salix.dfirma.pl\/de\/wp-content\/uploads\/sites\/3\/2023\/09\/zgrzewarka1-1536x2048.jpg 1536w, http:\/\/salix.dfirma.pl\/de\/wp-content\/uploads\/sites\/3\/2023\/09\/zgrzewarka1-scaled.jpg 1920w\" sizes=\"auto, (max-width: 768px) 100vw, 768px\" \/><\/figure>\n\n\n\n<figure class=\"wp-block-image size-large\"><img loading=\"lazy\" decoding=\"async\" width=\"768\" height=\"1024\" data-id=\"659\" src=\"http:\/\/salix.dfirma.pl\/wp-content\/uploads\/sites\/3\/2023\/09\/zgrzewarka2-768x1024.jpg\" alt=\"\" class=\"wp-image-659\" srcset=\"http:\/\/salix.dfirma.pl\/de\/wp-content\/uploads\/sites\/3\/2023\/09\/zgrzewarka2-768x1024.jpg 768w, http:\/\/salix.dfirma.pl\/de\/wp-content\/uploads\/sites\/3\/2023\/09\/zgrzewarka2-225x300.jpg 225w, http:\/\/salix.dfirma.pl\/de\/wp-content\/uploads\/sites\/3\/2023\/09\/zgrzewarka2-1152x1536.jpg 1152w, http:\/\/salix.dfirma.pl\/de\/wp-content\/uploads\/sites\/3\/2023\/09\/zgrzewarka2-1536x2048.jpg 1536w, http:\/\/salix.dfirma.pl\/de\/wp-content\/uploads\/sites\/3\/2023\/09\/zgrzewarka2-scaled.jpg 1920w\" sizes=\"auto, (max-width: 768px) 100vw, 768px\" \/><\/figure>\n<\/figure>\n<\/div>\n\n\n<div class=\"wp-block-stackable-divider stk-block-divider stk-block stk-0507aa5 is-style-bar\" data-block-id=\"0507aa5\"><hr class=\"stk-block-divider__hr\"\/><\/div>\n\n\n\n<div class=\"wp-block-stackable-text stk-block-text stk-block stk-71fc889\" data-block-id=\"71fc889\"><p class=\"stk-block-text__text\">Au\u00dfer pressen, verschwei\u00dfen wir auch unsere Produkten; Punktverschwei\u00dfen, dr\u00fccken, kleben und montieren bis ein fertiges, zusammengebautes Erzeugnis fertig entsteht.<\/p><\/div>\n\n\n\n<div class=\"wp-block-stackable-text stk-block-text stk-block stk-d86e829\" data-block-id=\"d86e829\"><p class=\"stk-block-text__text\">In unserer Produktenpalette haben wir schon mehr als <strong>1000<\/strong> Produkte (2023). Die Mehrheit davon ist exklusiv f\u00fcr die f\u00fchrenden Gro\u00dfverk\u00e4ufern verschiedener M\u00e4rkte, Gebiete und Wagenmarken gefertigt.<\/p><\/div>\n\n\n\n<div class=\"wp-block-stackable-text stk-block-text stk-block stk-1e926ff\" data-block-id=\"1e926ff\"><p class=\"stk-block-text__text\">Wir verf\u00fcgen \u00fcber eine Linie f\u00fcr <strong>Pulverlackbeschichtung<\/strong>. So bekommen unsere Produkten auf den Kundenwunsch eine zus\u00e4tzliche vielj\u00e4hrige <strong>Korrosionsschutz<\/strong>.<\/p><\/div>\n\n\n\n<div class=\"wp-block-stackable-divider stk-block-divider stk-block stk-dbb934b is-style-bar\" data-block-id=\"dbb934b\"><hr class=\"stk-block-divider__hr\"\/><\/div>\n\n\n\r\n            <div class='wp-block-lbb-lightbox  align' id='lbbLightBox-590528b2-6' data-attributes='{&quot;cId&quot;:&quot;590528b2-6&quot;,&quot;lightboxType&quot;:&quot;gallery&quot;,&quot;items&quot;:[{&quot;type&quot;:&quot;image&quot;,&quot;thumbnail&quot;:&quot;https:\\\/\\\/bblockswp.com\\\/wp-content\\\/demo\\\/img\\\/green-hill.jpg&quot;,&quot;content&quot;:&quot;http:\\\/\\\/salix.dfirma.pl\\\/wp-content\\\/uploads\\\/sites\\\/3\\\/2023\\\/10\\\/IRBB0433-scaled.jpg&quot;,&quot;caption&quot;:&quot;&quot;},{&quot;type&quot;:&quot;image&quot;,&quot;thumbnail&quot;:&quot;https:\\\/\\\/bblockswp.com\\\/wp-content\\\/demo\\\/img\\\/green-hill.jpg&quot;,&quot;content&quot;:&quot;http:\\\/\\\/salix.dfirma.pl\\\/wp-content\\\/uploads\\\/sites\\\/3\\\/2023\\\/10\\\/IMG_9774-scaled.jpg&quot;},{&quot;type&quot;:&quot;image&quot;,&quot;thumbnail&quot;:&quot;https:\\\/\\\/bblockswp.com\\\/wp-content\\\/demo\\\/img\\\/green-hill.jpg&quot;,&quot;content&quot;:&quot;http:\\\/\\\/salix.dfirma.pl\\\/wp-content\\\/uploads\\\/sites\\\/3\\\/2023\\\/09\\\/IMG_8030-scaled.jpg&quot;},{&quot;type&quot;:&quot;image&quot;,&quot;thumbnail&quot;:&quot;https:\\\/\\\/bblockswp.com\\\/wp-content\\\/demo\\\/img\\\/green-hill.jpg&quot;,&quot;content&quot;:&quot;http:\\\/\\\/salix.dfirma.pl\\\/wp-content\\\/uploads\\\/sites\\\/3\\\/2023\\\/10\\\/IMG_9765-scaled.jpg&quot;},{&quot;type&quot;:&quot;image&quot;,&quot;thumbnail&quot;:&quot;https:\\\/\\\/bblockswp.com\\\/wp-content\\\/demo\\\/img\\\/green-hill.jpg&quot;,&quot;content&quot;:&quot;http:\\\/\\\/salix.dfirma.pl\\\/wp-content\\\/uploads\\\/sites\\\/3\\\/2023\\\/09\\\/detal1-scaled.jpg&quot;},{&quot;type&quot;:&quot;image&quot;,&quot;thumbnail&quot;:&quot;https:\\\/\\\/bblockswp.com\\\/wp-content\\\/demo\\\/img\\\/green-hill.jpg&quot;,&quot;content&quot;:&quot;http:\\\/\\\/salix.dfirma.pl\\\/wp-content\\\/uploads\\\/sites\\\/3\\\/2023\\\/09\\\/20230912_095606-scaled.jpg&quot;}],&quot;columns&quot;:{&quot;desktop&quot;:3,&quot;tablet&quot;:2,&quot;mobile&quot;:1},&quot;columnGap&quot;:&quot;5px&quot;,&quot;rowGap&quot;:&quot;5px&quot;,&quot;align&quot;:&quot;&quot;,&quot;layout&quot;:&quot;default&quot;,&quot;content&quot;:{&quot;caption&quot;:false,&quot;overlyColor&quot;:false},&quot;button&quot;:{&quot;icon&quot;:{&quot;class&quot;:&quot;fab fa-wordpress&quot;},&quot;text&quot;:&quot;Image&quot;},&quot;galleryIcon&quot;:true,&quot;popupOptions&quot;:{&quot;mixAllData&quot;:false},&quot;popupIconLeft&quot;:{&quot;infobar&quot;:true},&quot;popupIconMiddle&quot;:{&quot;zoomIn&quot;:true,&quot;zoomOut&quot;:true,&quot;toggle1to1&quot;:false,&quot;rotateCCW&quot;:false,&quot;rotateCW&quot;:false,&quot;flipX&quot;:false,&quot;flipY&quot;:false,&quot;fullscreen&quot;:true},&quot;popupIconRight&quot;:{&quot;twitter&quot;:false,&quot;facebook&quot;:false,&quot;download&quot;:false,&quot;slideshow&quot;:true,&quot;thumbs&quot;:true,&quot;close&quot;:true},&quot;thumb&quot;:{&quot;type&quot;:&quot;classic&quot;,&quot;showOnStart&quot;:true,&quot;minCount&quot;:2},&quot;slideShow&quot;:{&quot;playOnStart&quot;:false,&quot;timeout&quot;:3000},&quot;options&quot;:{&quot;wheel&quot;:&quot;zoom&quot;,&quot;transition&quot;:&quot;fade&quot;},&quot;controls&quot;:{&quot;play-large&quot;:true,&quot;restart&quot;:false,&quot;rewind&quot;:true,&quot;play&quot;:true,&quot;fast-forward&quot;:true,&quot;progress&quot;:true,&quot;current-time&quot;:false,&quot;duration&quot;:false,&quot;mute&quot;:false,&quot;volume&quot;:true,&quot;pip&quot;:false,&quot;airplay&quot;:false,&quot;settings&quot;:false,&quot;download&quot;:false,&quot;fullscreen&quot;:true},&quot;playerColor&quot;:&quot;#03a5ed&quot;,&quot;overlyColor&quot;:&quot;#00000061&quot;,&quot;img&quot;:{&quot;animation&quot;:&quot;zoomIn&quot;,&quot;borderRadius&quot;:5},&quot;image&quot;:{&quot;ratio&quot;:&quot;4:3&quot;},&quot;imgBorder&quot;:{&quot;color&quot;:&quot;#4527a4&quot;,&quot;style&quot;:&quot;solid&quot;,&quot;width&quot;:&quot;0px&quot;},&quot;caption&quot;:{&quot;position&quot;:&quot;overlyCenter&quot;},&quot;captionTypo&quot;:{&quot;fontSize&quot;:{&quot;desktop&quot;:16,&quot;tablet&quot;:15,&quot;mobile&quot;:14},&quot;fontWeight&quot;:500,&quot;lineHeight&quot;:&quot;135%&quot;},&quot;captionColors&quot;:{&quot;color&quot;:&quot;#fff&quot;,&quot;bg&quot;:&quot;#00000000&quot;},&quot;btnTypo&quot;:{&quot;fontSize&quot;:{&quot;desktop&quot;:18,&quot;tablet&quot;:15,&quot;mobile&quot;:14},&quot;fontWeight&quot;:500,&quot;lineHeight&quot;:&quot;100%&quot;},&quot;btnWidth&quot;:&quot;&quot;,&quot;btnHeight&quot;:&quot;&quot;,&quot;btnAlign&quot;:&quot;left&quot;,&quot;btnType&quot;:&quot;&quot;,&quot;btnStyle&quot;:&quot;&quot;,&quot;btnColors&quot;:{&quot;color&quot;:&quot;#4527a4&quot;,&quot;bg&quot;:&quot;#fff&quot;},&quot;btnHovColors&quot;:{&quot;color&quot;:&quot;#333&quot;,&quot;bg&quot;:&quot;#fff&quot;},&quot;btnPadding&quot;:{&quot;top&quot;:&quot;8px&quot;,&quot;right&quot;:&quot;15px&quot;,&quot;bottom&quot;:&quot;8px&quot;,&quot;left&quot;:&quot;15px&quot;},&quot;btnBorder&quot;:{&quot;color&quot;:&quot;#4527a4&quot;,&quot;style&quot;:&quot;solid&quot;,&quot;width&quot;:&quot;1px&quot;},&quot;btnRadius&quot;:{&quot;top&quot;:&quot;3px&quot;,&quot;right&quot;:&quot;3px&quot;,&quot;bottom&quot;:&quot;3px&quot;,&quot;left&quot;:&quot;3px&quot;},&quot;btnSpaceBetween&quot;:&quot;10px&quot;,&quot;styles&quot;:&quot;&quot;,&quot;sliderHeight&quot;:{&quot;desktop&quot;:&quot;550px&quot;,&quot;tablet&quot;:&quot;500px&quot;,&quot;mobile&quot;:&quot;400px&quot;},&quot;slider&quot;:{&quot;thumbs&quot;:&quot;classic&quot;},&quot;popupTheme&quot;:{&quot;color&quot;:&quot;#000&quot;},&quot;hasCustomCSS&quot;:false,&quot;customCSS&quot;:&quot;&quot;,&quot;otterConditions&quot;:[]}' data-content-indexs=\"[]\" data-nonce='&quot;7c65e8f868&quot;'><\/div>\r\n\r\n                \r\n            \n\n\n<div style=\"height:60px\" aria-hidden=\"true\" class=\"wp-block-spacer\"><\/div>\n","protected":false},"excerpt":{"rendered":"<p>Wir produzieren die gro\u00dfen Elementen wie Kotfl\u00fcgeln oder Motorhauben, aber auch die Kleinteilen. Karosserieteilen und andere Pre\u00dfteilen aus verzinken Stahlblechen, Aluminium, Edelstahl, perforierten Blechen, Gittern usw. All das auf den Automotive aftermarket wie auch auf den classic cars Markt. Wir pressen und produzieren auch die Elementen f\u00fcr andere M\u00e4rkte, verarbeiten [&hellip;]<\/p>\n","protected":false},"author":1,"featured_media":0,"parent":0,"menu_order":0,"comment_status":"closed","ping_status":"closed","template":"","meta":{"_uag_custom_page_level_css":"","ub_ctt_via":"","_eb_attr":"","_themeisle_gutenberg_block_has_review":false,"footnotes":""},"class_list":["post-257","page","type-page","status-publish","hentry"],"featured_image_src":null,"uagb_featured_image_src":{"full":false,"thumbnail":false,"medium":false,"medium_large":false,"large":false,"1536x1536":false,"2048x2048":false,"hestia-blog":false},"uagb_author_info":{"display_name":"admin","author_link":"http:\/\/salix.dfirma.pl\/de\/blog\/author\/salix_1ll55un2\/"},"uagb_comment_info":0,"uagb_excerpt":"Wir produzieren die gro\u00dfen Elementen wie Kotfl\u00fcgeln oder Motorhauben, aber auch die Kleinteilen. Karosserieteilen und andere Pre\u00dfteilen aus verzinken Stahlblechen, Aluminium, Edelstahl, perforierten Blechen, Gittern usw. All das auf den Automotive aftermarket wie auch auf den classic cars Markt. Wir pressen und produzieren auch die Elementen f\u00fcr andere M\u00e4rkte, verarbeiten [&hellip;]","_links":{"self":[{"href":"http:\/\/salix.dfirma.pl\/de\/wp-json\/wp\/v2\/pages\/257","targetHints":{"allow":["GET"]}}],"collection":[{"href":"http:\/\/salix.dfirma.pl\/de\/wp-json\/wp\/v2\/pages"}],"about":[{"href":"http:\/\/salix.dfirma.pl\/de\/wp-json\/wp\/v2\/types\/page"}],"author":[{"embeddable":true,"href":"http:\/\/salix.dfirma.pl\/de\/wp-json\/wp\/v2\/users\/1"}],"replies":[{"embeddable":true,"href":"http:\/\/salix.dfirma.pl\/de\/wp-json\/wp\/v2\/comments?post=257"}],"version-history":[{"count":14,"href":"http:\/\/salix.dfirma.pl\/de\/wp-json\/wp\/v2\/pages\/257\/revisions"}],"predecessor-version":[{"id":843,"href":"http:\/\/salix.dfirma.pl\/de\/wp-json\/wp\/v2\/pages\/257\/revisions\/843"}],"wp:attachment":[{"href":"http:\/\/salix.dfirma.pl\/de\/wp-json\/wp\/v2\/media?parent=257"}],"curies":[{"name":"wp","href":"https:\/\/api.w.org\/{rel}","templated":true}]}}